{"id":185,"date":"2024-12-02T21:43:21","date_gmt":"2024-12-03T00:43:21","guid":{"rendered":"https:\/\/www.pctecnic.com\/web\/?page_id=185"},"modified":"2026-01-01T21:09:18","modified_gmt":"2026-01-02T00:09:18","slug":"contactenos","status":"publish","type":"page","link":"https:\/\/www.pctecnic.com\/web\/contactenos\/","title":{"rendered":"Cont\u00e1ctenos"},"content":{"rendered":"\n<p><strong>\u00bfC\u00f3mo podemos ayudarte hoy?<\/strong><\/p>\n\n\n\n<p>En <strong>PCTecnic<\/strong> estamos listos para resolver tus problemas t\u00e9cnicos. Eleg\u00ed el medio que te sea m\u00e1s c\u00f3modo:<\/p>\n\n\n\n<h3 class=\"wp-block-heading\"><strong>\ud83d\udcf1 Atenci\u00f3n Inmediata por WhatsApp<\/strong><\/h3>\n\n\n\n<p>\u00bfNecesitas un presupuesto r\u00e1pido? Env\u00edanos una foto o v\u00eddeo de tu equipo o contamos la falla.<\/p>\n\n\n\n<h3 class=\"wp-block-heading\"><strong>\ud83d\udce9 Correo Electr\u00f3nico<\/strong><\/h3>\n\n\n\n<p>Para consultas sobre proyectos de redes, c\u00e1maras de seguridad o servicios corporativos: <strong><a href=\"mailto:info@pctecnic.com\" target=\"_blank\" rel=\"noreferrer noopener\">info@pctecnic.com<\/a><\/strong> <\/p>\n\n\n\n<h3 class=\"wp-block-heading\"><strong>\ud83d\udccd Ubicaci\u00f3n y Horarios<\/strong><\/h3>\n\n\n\n<p>Estamos en <strong>Mar del Plata<\/strong><\/p>\n\n\n\n<p><strong>S\u00e1bados:<\/strong> de 8 a 13Hs<\/p>\n\n\n\n<p><strong>Lunes a Viernes:<\/strong> de 8 a 20Hs<\/p>\n\n\n\n<div class=\"wp-block-media-text is-stacked-on-mobile\"><figure class=\"wp-block-media-text__media\"><img loading=\"lazy\" decoding=\"async\" width=\"960\" height=\"795\" src=\"https:\/\/www.pctecnic.com\/web\/wp-content\/uploads\/2024\/11\/299319444_366162159037036_6734497653232732114_n.jpg\" alt=\"\" class=\"wp-image-71 size-full\" srcset=\"https:\/\/www.pctecnic.com\/web\/wp-content\/uploads\/2024\/11\/299319444_366162159037036_6734497653232732114_n.jpg 960w, https:\/\/www.pctecnic.com\/web\/wp-content\/uploads\/2024\/11\/299319444_366162159037036_6734497653232732114_n-300x248.jpg 300w, https:\/\/www.pctecnic.com\/web\/wp-content\/uploads\/2024\/11\/299319444_366162159037036_6734497653232732114_n-768x636.jpg 768w\" sizes=\"auto, (max-width: 960px) 100vw, 960px\" \/><\/figure><div class=\"wp-block-media-text__content\">\n<p><\/p>\n\n\n\n<p><\/p>\n\n\n\n<iframe src=\"https:\/\/www.google.com\/maps\/embed?pb=!1m18!1m12!1m3!1d2606.6240244051864!2d-57.58997205898767!3d-37.98041052705759!2m3!1f0!2f0!3f0!3m2!1i1024!2i768!4f13.1!3m3!1m2!1s0x9584deaa901d9d8f%3A0xe33fcf1cab9b922!2sPCTecnic%20*21*21%20Servicio%20Tecnico%20Electronico!5e1!3m2!1ses-419!2sar!4v1735351250738!5m2!1ses-419!2sar\" width=\"500\" height=\"350\" style=\"border:0;\" allowfullscreen=\"\" loading=\"lazy\" referrerpolicy=\"no-referrer-when-downgrade\"><\/iframe>\n<\/div><\/div>\n","protected":false},"excerpt":{"rendered":"<p>\u00bfC\u00f3mo podemos ayudarte hoy? En PCTecnic estamos listos para resolver tus problemas t\u00e9cnicos. Eleg\u00ed el medio que te sea m\u00e1s c\u00f3modo: \ud83d\udcf1 Atenci\u00f3n Inmediata por WhatsApp \u00bfNecesitas un presupuesto r\u00e1pido? Env\u00edanos una foto o v\u00eddeo de tu equipo o contamos la falla. \ud83d\udce9 Correo Electr\u00f3nico Para consultas sobre proyectos de&#8230;<\/p>\n","protected":false},"author":1,"featured_media":0,"parent":0,"menu_order":0,"comment_status":"closed","ping_status":"closed","template":"","meta":{"footnotes":""},"class_list":["post-185","page","type-page","status-publish","hentry"],"_links":{"self":[{"href":"https:\/\/www.pctecnic.com\/web\/wp-json\/wp\/v2\/pages\/185","targetHints":{"allow":["GET"]}}],"collection":[{"href":"https:\/\/www.pctecnic.com\/web\/wp-json\/wp\/v2\/pages"}],"about":[{"href":"https:\/\/www.pctecnic.com\/web\/wp-json\/wp\/v2\/types\/page"}],"author":[{"embeddable":true,"href":"https:\/\/www.pctecnic.com\/web\/wp-json\/wp\/v2\/users\/1"}],"replies":[{"embeddable":true,"href":"https:\/\/www.pctecnic.com\/web\/wp-json\/wp\/v2\/comments?post=185"}],"version-history":[{"count":17,"href":"https:\/\/www.pctecnic.com\/web\/wp-json\/wp\/v2\/pages\/185\/revisions"}],"predecessor-version":[{"id":311,"href":"https:\/\/www.pctecnic.com\/web\/wp-json\/wp\/v2\/pages\/185\/revisions\/311"}],"wp:attachment":[{"href":"https:\/\/www.pctecnic.com\/web\/wp-json\/wp\/v2\/media?parent=185"}],"curies":[{"name":"wp","href":"https:\/\/api.w.org\/{rel}","templated":true}]}}