{"id":2,"date":"2024-06-03T21:26:28","date_gmt":"2024-06-04T00:26:28","guid":{"rendered":"https:\/\/www.pctecnic.com\/web\/?page_id=2"},"modified":"2026-01-01T21:18:32","modified_gmt":"2026-01-02T00:18:32","slug":"reparacion-de-notebook","status":"publish","type":"page","link":"https:\/\/www.pctecnic.com\/web\/reparacion-de-notebook\/","title":{"rendered":"Reparacion de Notebook"},"content":{"rendered":"\n<p><strong>Reparaci\u00f3n Notebooks, Netbooks, All in Ones, PlayStation, Xbox, Dispositivos Apple, MacBook y iMac.<\/strong><\/p>\n\n\n\n<p><img loading=\"lazy\" decoding=\"async\" src=\"https:\/\/www.vulcano.com.ar\/assets\/img\/servicio-tecnico-notebook-netbook-tablet-all-in-one-ultrabook-reparacion-vulcano-notebooks-teclado.jpg\" width=\"100\" height=\"100\"><\/p>\n\n\n\n<h3 class=\"wp-block-heading\">Cambio de teclado y<br>diagn\u00f3stico de fallas<\/h3>\n\n\n\n<p>Los cambios de teclado en cualquier tipo de equipos port\u00e1tiles se realizan en el momento, excepto aquellos que son t\u00e1ctiles ya que el trabajo lleva mucho tiempo y es muy delicado. Por otro lado, en algunos casos el problema es el controlador del mismo y esa falla requiere de una reparaci\u00f3n electr\u00f3nica del motherboard.<\/p>\n\n\n\n<p><img loading=\"lazy\" decoding=\"async\" src=\"https:\/\/www.vulcano.com.ar\/assets\/img\/servicio-tecnico-notebook-netbook-tablet-all-in-one-ultrabook-reparacion-vulcano-notebooks-pantalla-led-lcd.jpg\" width=\"100\" height=\"100\"><\/p>\n\n\n\n<h3 class=\"wp-block-heading\">Cambio de pantalla LCD y<br>diagn\u00f3stico de fallas<\/h3>\n\n\n\n<p>La mayor\u00eda de estas reparaciones pueden hacerse en el momento, aunque son bastante frecuente los diagn\u00f3sticos err\u00f3neos realizados por aficionados o por el mismo cliente. Sugerimos si es posible a quienes no son profesionales del rubro, traer el equipo y realizar el cambio en nuestro Servicio T\u00e9cnico. El cable flex, el inverter o la tarjeta de video onboard pueden presentar fallas perfectamente confundibles con el LCD da\u00f1ado. Una mala instalaci\u00f3n puede da\u00f1ar el LCD nuevo o el equipo.<\/p>\n\n\n\n<p><img loading=\"lazy\" decoding=\"async\" src=\"https:\/\/www.vulcano.com.ar\/assets\/img\/servicio-tecnico-notebook-netbook-tablet-all-in-one-ultrabook-reparacion-vulcano-notebooks-disco-rigido.jpg\" width=\"100\" height=\"100\"><\/p>\n\n\n\n<h3 class=\"wp-block-heading\">Cambio de disco r\u00edgido y<br>diagn\u00f3stico de fallas<\/h3>\n\n\n\n<p>Al igual que las memorias, los discos r\u00edgidos son en algunos casos m\u00e1s sencillos de reemplazar que una memoria. En otros hay que desarmar todo el equipo. Sin embargo, hay algunas cosas a tener en cuenta: Por ejemplo, cada vez m\u00e1s los equipos traen una partici\u00f3n con el sistema de recuperaci\u00f3n de f\u00e1brica, es com\u00fan &#8220;eliminar&#8221; esa partici\u00f3n &#8220;porque no sirve para nada&#8221;, romper el &#8220;adaptador&#8221; o conectarlo con el equipo encendido. Los discos r\u00edgidos fallan. Tenga siempre un back up actualizado.<\/p>\n\n\n\n<p><img loading=\"lazy\" decoding=\"async\" src=\"https:\/\/www.vulcano.com.ar\/assets\/img\/servicio-tecnico-notebook-netbook-tablet-all-in-one-ultrabook-reparacion-vulcano-notebooks-rework-reballing.jpg\" width=\"100\" height=\"100\"><\/p>\n\n\n\n<h3 class=\"wp-block-heading\">Reparaci\u00f3n de motherboard<br>Reballing y rework<\/h3>\n\n\n\n<p>Este es uno de los trabajos m\u00e1s delicados y complejos que se realizan a nivel electr\u00f3nico en un equipo port\u00e1til. El mismo consiste en desoldar una pieza del Motherboard, limpiarlo, prepararlo(Proceso de Reballing) y al soldarlo nuevamente se completa el proceso (Rework).<\/p>\n\n\n\n<p><img loading=\"lazy\" decoding=\"async\" src=\"https:\/\/www.vulcano.com.ar\/assets\/img\/servicio-tecnico-notebook-netbook-tablet-all-in-one-ultrabook-reparacion-vulcano-notebooks-jack-power.jpg\" width=\"100\" height=\"100\"><\/p>\n\n\n\n<h3 class=\"wp-block-heading\">Cambio de jack power<br>o reparaci\u00f3n<\/h3>\n\n\n\n<p>A pesar de que este tipo de reparaciones pueden parecer menores, no dejan de ser muy delicadas, es imprescindible contar con el repuesto original, una reparaci\u00f3n mal realizada puede inutilizar el equipo definitivamente. Este tipo de repuestos no se compran en una casa de electr\u00f3nica.<\/p>\n\n\n\n<p><img loading=\"lazy\" decoding=\"async\" src=\"https:\/\/www.vulcano.com.ar\/assets\/img\/servicio-tecnico-notebook-netbook-tablet-all-in-one-ultrabook-reparacion-vulcano-notebooks-electronica-motherboard.jpg\" width=\"100\" height=\"100\"><\/p>\n\n\n\n<h3 class=\"wp-block-heading\">Reparaci\u00f3n electr\u00f3nica<br>de motherboard<\/h3>\n\n\n\n<p>M\u00e1s de 100.000 reparaciones realizadas durante 15 a\u00f1os dedicados de manera exclusiva a la reparaci\u00f3n de equipos port\u00e1tiles. Enfoque, profesionalismo, cualificaci\u00f3n, equipamientos y herramientas de vanguardia para lograr el mayor \u00edndice de efectividad hacen de Vulcano su mejor opci\u00f3n sin lugar a dudas.<\/p>\n","protected":false},"excerpt":{"rendered":"<p>Reparaci\u00f3n Notebooks, Netbooks, All in Ones, PlayStation, Xbox, Dispositivos Apple, MacBook y iMac. Cambio de teclado ydiagn\u00f3stico de fallas Los cambios de teclado en cualquier tipo de equipos port\u00e1tiles se realizan en el momento, excepto aquellos que son t\u00e1ctiles ya que el trabajo lleva mucho tiempo y es muy delicado&#8230;.<\/p>\n","protected":false},"author":1,"featured_media":0,"parent":0,"menu_order":0,"comment_status":"closed","ping_status":"closed","template":"","meta":{"footnotes":""},"class_list":["post-2","page","type-page","status-publish","hentry"],"_links":{"self":[{"href":"https:\/\/www.pctecnic.com\/web\/wp-json\/wp\/v2\/pages\/2","targetHints":{"allow":["GET"]}}],"collection":[{"href":"https:\/\/www.pctecnic.com\/web\/wp-json\/wp\/v2\/pages"}],"about":[{"href":"https:\/\/www.pctecnic.com\/web\/wp-json\/wp\/v2\/types\/page"}],"author":[{"embeddable":true,"href":"https:\/\/www.pctecnic.com\/web\/wp-json\/wp\/v2\/users\/1"}],"replies":[{"embeddable":true,"href":"https:\/\/www.pctecnic.com\/web\/wp-json\/wp\/v2\/comments?post=2"}],"version-history":[{"count":4,"href":"https:\/\/www.pctecnic.com\/web\/wp-json\/wp\/v2\/pages\/2\/revisions"}],"predecessor-version":[{"id":175,"href":"https:\/\/www.pctecnic.com\/web\/wp-json\/wp\/v2\/pages\/2\/revisions\/175"}],"wp:attachment":[{"href":"https:\/\/www.pctecnic.com\/web\/wp-json\/wp\/v2\/media?parent=2"}],"curies":[{"name":"wp","href":"https:\/\/api.w.org\/{rel}","templated":true}]}}