{"id":279,"date":"2025-01-01T22:43:04","date_gmt":"2025-01-02T01:43:04","guid":{"rendered":"https:\/\/www.pctecnic.com\/web\/?page_id=279"},"modified":"2025-01-01T22:43:04","modified_gmt":"2025-01-02T01:43:04","slug":"equipos-armados","status":"publish","type":"page","link":"https:\/\/www.pctecnic.com\/web\/equipos-armados\/","title":{"rendered":"Equipos Armados"},"content":{"rendered":"\n<p><strong>Armado de Equipos a medida<\/strong><\/p>\n\n\n\n<h6 class=\"wp-block-heading\"><strong>CONOCE LAS PC QUE ARMAMOS CON MAS FRECUENCIA<\/strong><\/h6>\n\n\n\n<p>PC&#8217;S dise\u00f1adas para adaptarse a diferentes necesidades: desde equipos b\u00e1sicos para oficinas y hogares, hasta potentes configuraciones para dise\u00f1adores y gamers de alto rendimiento. Las im\u00e1genes y especificaciones que ves son representativas y pueden ajustarse seg\u00fan tus necesidades. Aqu\u00ed todo es 100% personalizable, porque&nbsp;<strong>creemos que tu PC debe ser tan \u00fanica como vos.<\/strong><br>Te invitamos a explorar nuestras opciones y a trabajar con nosotros para crear una PC hecha a medida, con el respaldo de nuestro&nbsp;<strong>servicio t\u00e9cnico profesional<\/strong>: calidad, asesoramiento personalizado, armado por profesionales y con componentes de \u00faltima generaci\u00f3n.&nbsp;<strong>\u00a1Dale vida a la computadora que necesitas!<\/strong><\/p>\n\n\n\n<figure class=\"wp-block-image\"><img decoding=\"async\" src=\"https:\/\/axdistribuidora.com.ar\/wp-content\/uploads\/2024\/11\/Basic-Office.png\" alt=\"\"\/><\/figure>\n\n\n\n<h1 class=\"wp-block-heading\"><strong>BASIC OFFICE<\/strong><\/h1>\n\n\n\n<p><strong>PC PARA USO LABORAL<br><\/strong>Ideal para tareas administrativas, paquete Office y sistemas de gesti\u00f3n, todo lo necesario para trabajar comodo.<\/p>\n\n\n\n<ul class=\"wp-block-list\">\n<li>ATHLON O CELERON<\/li>\n\n\n\n<li>A520M-HDV O H410MK<\/li>\n\n\n\n<li>MEM DDR4 8GB O MEM DDR4 16GB<\/li>\n\n\n\n<li>SSD 240GB O SSD 480GB<\/li>\n\n\n\n<li>FUENTE 550W<\/li>\n\n\n\n<li>GABINETE KELYX SLIM (Con perif\u00e9ricos de regalo)<\/li>\n\n\n\n<li>GRAFICOS INTEGRADOS<\/li>\n<\/ul>\n\n\n\n<p><strong>ARMEMOS ESTA PC<\/strong><\/p>\n\n\n\n<figure class=\"wp-block-image\"><img decoding=\"async\" src=\"https:\/\/axdistribuidora.com.ar\/wp-content\/uploads\/2024\/11\/Hogar-Plus.png\" alt=\"\"\/><\/figure>\n\n\n\n<h1 class=\"wp-block-heading\"><strong>HOGAR PLUS<\/strong><\/h1>\n\n\n\n<p><strong>LA PC QUE TODOS QUIEREN EN CASA<br><\/strong>Una opci\u00f3n como esta le permitir\u00e1 a todos usar la PC, los ni\u00f1os\/adolescentes podr\u00e1n jugar y los adultos trabajar. Tambi\u00e9n sirve para estudiar y navegar por la web.<\/p>\n\n\n\n<ul class=\"wp-block-list\">\n<li>RYZEN 3 3200G O INTEL 3 12va<\/li>\n\n\n\n<li>A520M-HDV O H510M-M<\/li>\n\n\n\n<li>MEM DDR4 8GB (2X4GB) O MEM DDR4 16GB (2X8GB)<\/li>\n\n\n\n<li>SSD 480GB O SSD 960GB<\/li>\n\n\n\n<li>FUENTE 550W<\/li>\n\n\n\n<li>GABINETE KELYX LC727 (Con perifericos de regalo)<\/li>\n\n\n\n<li>GRAFICOS INTEGRADOS<\/li>\n<\/ul>\n\n\n\n<p><strong>ARMEMOS ESTA PC<\/strong><\/p>\n\n\n\n<figure class=\"wp-block-image\"><img decoding=\"async\" src=\"https:\/\/axdistribuidora.com.ar\/wp-content\/uploads\/2024\/11\/Office-PRO.png\" alt=\"\"\/><\/figure>\n\n\n\n<h1 class=\"wp-block-heading\"><strong>OFFICE PRO<\/strong><\/h1>\n\n\n\n<p><strong>PC PARA POTENCIAR LA PRODUCTIVIDAD<br><\/strong>Una opci\u00f3n potente para soportar aplicaciones exigentes y realizar multitarea, alojar sistemas de gesti\u00f3n, programas de edici\u00f3n, streaming y utilizar la web como gusten!<\/p>\n\n\n\n<ul class=\"wp-block-list\">\n<li>RYZEN 5 5600G O INTEL 5 13va<\/li>\n\n\n\n<li>A520M-HDV AM4 O H510M-M<\/li>\n\n\n\n<li>MEM DDR4 16GB (2X8GB) O MEM DDR4 32GB (2X16GB)<\/li>\n\n\n\n<li>NVME M2 500GB O NVME M2 1TB (1000GB)<\/li>\n\n\n\n<li>FUENTE 550W<\/li>\n\n\n\n<li>GABINETE KELYX LC728 (Con perif\u00e9ricos de regalo)<\/li>\n\n\n\n<li>GRAFICOS INTEGRADOS<\/li>\n<\/ul>\n\n\n\n<p><strong>ARMEMOS ESTA PC<\/strong><\/p>\n\n\n\n<figure class=\"wp-block-image\"><img decoding=\"async\" src=\"https:\/\/axdistribuidora.com.ar\/wp-content\/uploads\/2024\/11\/KidStation.png\" alt=\"\"\/><\/figure>\n\n\n\n<h1 class=\"wp-block-heading\"><strong>KID STATION<\/strong><\/h1>\n\n\n\n<p><strong>PC GAMER PARA NI\u00d1OS Y ADOLESCENTES<br><\/strong>Ideal para juegos tradicionales y aplicaciones educativas b\u00e1sicas, la mejor opci\u00f3n para que los ni\u00f1os puedan divertirse y progresar en sus estudios.<\/p>\n\n\n\n<ul class=\"wp-block-list\">\n<li>RYZEN 3 3200G O RYZEN 5 4600G<\/li>\n\n\n\n<li>ASROCK A520M-HDV AM4<\/li>\n\n\n\n<li>MEM DDR4 8GB (2X4GB) O MEM DDR4 16GB (2X8GB)<\/li>\n\n\n\n<li>SSD 480GB O SSD 960GB<\/li>\n\n\n\n<li>FUENTE 550W<\/li>\n\n\n\n<li>GABINETE MSI MAG SHIELD M301 FANX1<\/li>\n\n\n\n<li>GRAFICOS INTEGRADOS<\/li>\n<\/ul>\n\n\n\n<p><strong>ARMEMOS ESTA PC<\/strong><\/p>\n\n\n\n<figure class=\"wp-block-image\"><img decoding=\"async\" src=\"https:\/\/axdistribuidora.com.ar\/wp-content\/uploads\/2024\/11\/Graphic-Station.png\" alt=\"\"\/><\/figure>\n\n\n\n<h1 class=\"wp-block-heading\"><strong>GRAPHIC STATION<\/strong><\/h1>\n\n\n\n<p><strong>PC PARA DISE\u00d1ADORES Y EDITORES AMATEURS<br><\/strong>Pensada para trabajar dise\u00f1ar y dejar volar tu creatividad en programas Adobe, Canva, Filmora, Capcut, etc. Con posibilidad de actualizaci\u00f3n a futuro.<\/p>\n\n\n\n<ul class=\"wp-block-list\">\n<li>RYZEN 5 5600GT O RYZEN 7 5700G<\/li>\n\n\n\n<li>MB GIGABYTE A520M DS3H V2 AM4 (x4 SLOTS RAM)<\/li>\n\n\n\n<li>MEM DDR4 16GB (2X8GB) O MEM DDR4 32GB (2X16GB)<\/li>\n\n\n\n<li>NVME M2 500GB O NVME M2 1TB (1000GB)<\/li>\n\n\n\n<li>FUENTE 550W SMART BX3 80 PLUS BRONCE<\/li>\n\n\n\n<li>GABINETE AEROCOOL BOLT BLACK RGB<\/li>\n\n\n\n<li>GRAFICOS INTEGRADOS<\/li>\n<\/ul>\n\n\n\n<p><strong>ARMEMOS ESTA PC<\/strong><\/p>\n\n\n\n<figure class=\"wp-block-image\"><img decoding=\"async\" src=\"https:\/\/axdistribuidora.com.ar\/wp-content\/uploads\/2024\/11\/GamingX.png\" alt=\"\"\/><\/figure>\n\n\n\n<h1 class=\"wp-block-heading\"><strong>GAMING X<\/strong><\/h1>\n\n\n\n<p><strong>PC GAMER PARA JUGADORES NUEVOS Y AMATEURS<br><\/strong>Esta es la PC que buscas para adentrarte en el mundo del gaming, con caracter\u00edsticas ideales para jugar varios juegos y a su vez la capacidad de poderse actualizar gracias a su tecnolog\u00eda AM5.<\/p>\n\n\n\n<ul class=\"wp-block-list\">\n<li>RYZEN 5 8600G O RYZEN 7 8700G<\/li>\n\n\n\n<li>MB GIGABYTE B650M DS3H AM5 DDR5<\/li>\n\n\n\n<li>MEM DDR5 16GB (2X8GB) O MEM DDR5 32GB (2X16GB)<\/li>\n\n\n\n<li>NVME M2 500GB O NVME M2 1TB (1000GB)<\/li>\n\n\n\n<li>FUENTE 650W SMART BX3 80 PLUS<\/li>\n\n\n\n<li>GABINETE MSI MAG FORCE M100A RGBX4<\/li>\n\n\n\n<li>GRAFICOS INTEGRADOS<\/li>\n<\/ul>\n\n\n\n<p><strong>ARMEMOS ESTA PC<\/strong><\/p>\n\n\n\n<figure class=\"wp-block-image\"><img decoding=\"async\" src=\"https:\/\/axdistribuidora.com.ar\/wp-content\/uploads\/2024\/11\/RenderX.png\" alt=\"\"\/><\/figure>\n\n\n\n<h1 class=\"wp-block-heading\"><strong>RENDER X<\/strong><\/h1>\n\n\n\n<p><strong>PC PARA DISE\u00d1ADORES PROFESIONALES<br><\/strong>La que busca un Dise\u00f1ador PRO, Arquitecto, Render, Animador 3D, etc. Con caracteristicas para programas como Autocad, Cinema 4D, Blender, Lumion e incluso Unreal Engine.<\/p>\n\n\n\n<ul class=\"wp-block-list\">\n<li>INTEL 5 13VA O INTEL 7 14VA (TAMBIEN PUEDE SER AM5)<\/li>\n\n\n\n<li>Mother Gigabyte Z790 UD AX DDR5 1700 (Con WiFi)<\/li>\n\n\n\n<li>MEM DDR5 32GB (2X16GB) O MEM DDR5 64GB (2X32GB)<\/li>\n\n\n\n<li>NVME M2 1TB (1000GB) O NVME M2 2TB (2000GB)<\/li>\n\n\n\n<li>FUENTE 650W MAG A650BN PLUS BORONZE &#8211; MSI<\/li>\n\n\n\n<li>GABINETE AEROCOOL PRISM-G-BK-V3 *4 ARGB FAN<\/li>\n\n\n\n<li>GEFORCE RTX 3060 GIGABYTE GAMING 12G<\/li>\n<\/ul>\n\n\n\n<p><strong>ARMEMOS ESTA PC<\/strong><\/p>\n\n\n\n<figure class=\"wp-block-image\"><img decoding=\"async\" src=\"https:\/\/axdistribuidora.com.ar\/wp-content\/uploads\/2024\/11\/Stream-STAR.png\" alt=\"\"\/><\/figure>\n\n\n\n<h1 class=\"wp-block-heading\"><strong>STREAM STAR<\/strong><\/h1>\n\n\n\n<p><strong>PC PARA STREAMING PROFESIONAL<br><\/strong>Ideal para streamear, la opci\u00f3n que buscas, con todo lo necesario para jugar los \u00faltimos juegos y a su vez stremear a la maxima calidad, con un excelente rendimiento!<\/p>\n\n\n\n<ul class=\"wp-block-list\">\n<li>RYZEN 5 7600X3D O RYZEN 7 7800X3D<\/li>\n\n\n\n<li>WATER COOLING MSI MAG CORELIQUID E240 2X CPU<\/li>\n\n\n\n<li>MB MSI B650M PZ DDR5 AM5 (WIFI)<\/li>\n\n\n\n<li>MEM DDR5 32GB (2X16GB) O MEM DDR5 64GB (2X32GB)<\/li>\n\n\n\n<li>NVME M2 1TB (1000GB) O NVME M2 2TB (2000GB)<\/li>\n\n\n\n<li>700W AEROCOOL CYLON RGB 80 PLUS BRONZE<\/li>\n\n\n\n<li>GABINETE TT THE TOWER 300 MID-TOWER TG X3 FAN<\/li>\n\n\n\n<li>GIGABYTE GEFORCE RTX 4070 SUPER GAMING OC 12G<\/li>\n<\/ul>\n\n\n\n<p><strong>ARMEMOS ESTA PC<\/strong><\/p>\n\n\n\n<figure class=\"wp-block-image\"><img decoding=\"async\" src=\"https:\/\/axdistribuidora.com.ar\/wp-content\/uploads\/2024\/11\/Gaming-PRO.png\" alt=\"\"\/><\/figure>\n\n\n\n<h1 class=\"wp-block-heading\"><strong>GAMING PRO<\/strong><\/h1>\n\n\n\n<p><strong>PC PARA PROFESIONALES<br><\/strong>Un equipo con la ultima tecnolog\u00eda, capaz de correr todos los juegos a gr\u00e1ficos altos y generar un mayor rendimiento, todo lo que una PC PRO necesita.<\/p>\n\n\n\n<ul class=\"wp-block-list\">\n<li>RYZEN 5 7600X O RYZEN 7 7700X<\/li>\n\n\n\n<li>Liquid Cooler GIGABYTE AORUS WATERFORCE X 280 LCD<\/li>\n\n\n\n<li>ASUS TUF GAMING X670E-PLUS WIFI<\/li>\n\n\n\n<li>MEM DDR5 32GB (2X16GB) O MEM DDR5 64GB (2X32GB)<\/li>\n\n\n\n<li>NVME M2 1TB (1000GB) O NVME M2 2TB (2000GB)<\/li>\n\n\n\n<li>CORSAIR RM750x 750W 80P GOLD FULL MODULAR WHITE<\/li>\n\n\n\n<li>CORSAIR ICUE 465X RGB WHITE MID-TOWER ATX<\/li>\n\n\n\n<li>VGA SAPPHIRE RAEDON RX 7700 XT PULSE GAMING 12GB<\/li>\n<\/ul>\n\n\n\n<p><strong>ARMEMOS ESTA PC<\/strong><\/p>\n\n\n\n<figure class=\"wp-block-image\"><img decoding=\"async\" src=\"https:\/\/axdistribuidora.com.ar\/wp-content\/uploads\/2024\/11\/GAMING-ULTRA.png\" alt=\"\"\/><\/figure>\n\n\n\n<h1 class=\"wp-block-heading\"><strong>GAMING ULTRA<\/strong><\/h1>\n\n\n\n<p><strong>PC ULTRA GAMING PARA AFISIONADOS<br><\/strong>Todo lo necesario para tareas y juegos exigentes, capaz de correr los ultimos juegos y programas a maxima calidad, el sue\u00f1o de todos los gamers hecho PC.<\/p>\n\n\n\n<ul class=\"wp-block-list\">\n<li>RYZEN 7 9700X O RYZEN 9 7950X<\/li>\n\n\n\n<li>WATER COOLING AORUS WATERFORCE X 360 3X COOLER<\/li>\n\n\n\n<li>Z890 AORUS ELITE WIFI7<\/li>\n\n\n\n<li>MEM DDR5 64GB (2X32GB) O MEM DDR5 128GB (4X32GB)<\/li>\n\n\n\n<li>NVME M2 2TB (2000GB) O NVME M2 4TB (4000GB)<\/li>\n\n\n\n<li>850W COOLER MASTER 80+ GOLD GX2 FULL MODULAR<\/li>\n\n\n\n<li>CORSAIR OBSIDIAN 1000D ATX TEMPERED GLASS BLACK<\/li>\n\n\n\n<li>GEFORCE RTX 4090 24 GB GDDR6x &#8211; MSI GAMING<\/li>\n<\/ul>\n\n\n\n<p><strong>ARMEMOS ESTA PC<\/strong><\/p>\n","protected":false},"excerpt":{"rendered":"<p>Armado de Equipos a medida CONOCE LAS PC QUE ARMAMOS CON MAS FRECUENCIA PC&#8217;S dise\u00f1adas para adaptarse a diferentes necesidades: desde equipos b\u00e1sicos para oficinas y hogares, hasta potentes configuraciones para dise\u00f1adores y gamers de alto rendimiento. Las im\u00e1genes y especificaciones que ves son representativas y pueden ajustarse seg\u00fan tus&#8230;<\/p>\n","protected":false},"author":1,"featured_media":0,"parent":0,"menu_order":0,"comment_status":"closed","ping_status":"closed","template":"","meta":{"footnotes":""},"class_list":["post-279","page","type-page","status-publish","hentry"],"_links":{"self":[{"href":"https:\/\/www.pctecnic.com\/web\/wp-json\/wp\/v2\/pages\/279","targetHints":{"allow":["GET"]}}],"collection":[{"href":"https:\/\/www.pctecnic.com\/web\/wp-json\/wp\/v2\/pages"}],"about":[{"href":"https:\/\/www.pctecnic.com\/web\/wp-json\/wp\/v2\/types\/page"}],"author":[{"embeddable":true,"href":"https:\/\/www.pctecnic.com\/web\/wp-json\/wp\/v2\/users\/1"}],"replies":[{"embeddable":true,"href":"https:\/\/www.pctecnic.com\/web\/wp-json\/wp\/v2\/comments?post=279"}],"version-history":[{"count":1,"href":"https:\/\/www.pctecnic.com\/web\/wp-json\/wp\/v2\/pages\/279\/revisions"}],"predecessor-version":[{"id":280,"href":"https:\/\/www.pctecnic.com\/web\/wp-json\/wp\/v2\/pages\/279\/revisions\/280"}],"wp:attachment":[{"href":"https:\/\/www.pctecnic.com\/web\/wp-json\/wp\/v2\/media?parent=279"}],"curies":[{"name":"wp","href":"https:\/\/api.w.org\/{rel}","templated":true}]}}