{"id":282,"date":"2025-01-03T19:37:25","date_gmt":"2025-01-03T22:37:25","guid":{"rendered":"https:\/\/www.pctecnic.com\/web\/?page_id=282"},"modified":"2025-01-03T19:38:33","modified_gmt":"2025-01-03T22:38:33","slug":"dvr-nvr-xvr","status":"publish","type":"page","link":"https:\/\/www.pctecnic.com\/web\/dvr-nvr-xvr\/","title":{"rendered":"DVR &#8211; NVR &#8211; XVR"},"content":{"rendered":"\n<p>Equipos de Monitorio y Seguridad <\/p>\n\n\n\n<p>Tengamos una breve idea sobre IVS y las diferencias entre DVR, NVR y XVR.<\/p>\n\n\n\n<p><strong>\u00bfQu\u00e9 es IVS?<\/strong><\/p>\n\n\n\n<p>Intelligent Video System (IVS) es una soluci\u00f3n de gesti\u00f3n de recursos de v\u00eddeo que optimiza la conectividad de varios recursos de v\u00eddeo y proporciona una s\u00f3lida plataforma de an\u00e1lisis de datos de v\u00eddeo. Es una soluci\u00f3n de v\u00eddeo basada en la nube que utiliza varias herramientas en la nube basadas en contenedores que se utilizan para la vigilancia, el an\u00e1lisis de datos de im\u00e1genes o v\u00eddeo, la toma de decisiones informadas y el almacenamiento de datos para fines de registro. La soluci\u00f3n permite la combinaci\u00f3n a demanda de almacenamiento de datos, c\u00e1lculo, b\u00fasqueda y un mecanismo de control centralizado. Tambi\u00e9n permite un escalado el\u00e1stico de la implementaci\u00f3n del sistema y proporciona una alta fiabilidad de los datos debido a sus funciones de equilibrio de carga autom\u00e1tico. Gracias a las rigurosas funciones de control de acceso, se garantiza la seguridad de los datos de IVS, lo que asegura adem\u00e1s una alta disponibilidad del servicio.<\/p>\n\n\n\n<p>La soluci\u00f3n tambi\u00e9n permite integraciones de terceros de tareas, recursos y colaboraciones de datos que se realizan con la ayuda de algoritmos de inteligencia de datos para proporcionar servicios unificados a los usuarios.<\/p>\n\n\n\n<figure class=\"wp-block-image\"><img decoding=\"async\" src=\"https:\/\/sg.o3.huawei.com\/enbpitservicegateway\/sxzservicecommunity\/web\/attachment\/down-attachment?attachmentId=202411011608161884_180218rx15bd17x6yiieq0.jpg\" alt=\"1\"\/><\/figure>\n\n\n\n<p><strong>DVR, NVR y XVR:<\/strong><\/p>\n\n\n\n<p>DVR, NVR y XVR son dispositivos de vigilancia que se utilizan en sistemas de videovigilancia inteligente. Cada uno tiene sus propias caracter\u00edsticas distintivas y casos de uso que se detallan a continuaci\u00f3n:<\/p>\n\n\n\n<p><strong>a)&nbsp;&nbsp;&nbsp;&nbsp;&nbsp;&nbsp;&nbsp;<\/strong><strong>DVR (Grabadora de v\u00eddeo digital)<\/strong><\/p>\n\n\n\n<p>DVR (Digital Video Recorder) es un grabador de video basado en disco duro que almacena, procesa, monitorea y transmite datos de video o imagen. Tiene caracter\u00edsticas m\u00e1s avanzadas y confiables que los sistemas de grabaci\u00f3n de video anal\u00f3gicos. Tiene m\u00faltiples entradas que se pueden utilizar para conectar c\u00e1maras de vigilancia.<\/p>\n\n\n\n<p><strong>b)&nbsp;&nbsp;&nbsp;&nbsp;&nbsp;&nbsp;<\/strong><strong>NVR (Grabadores de v\u00eddeo en red)<\/strong><\/p>\n\n\n\n<p>Los NVR (Network Video Recorders) son dispositivos IVS que almacenan, procesan, transfieren y administran los videos transmitidos por c\u00e1maras IP. Los NVR permiten ver, reproducir, almacenar y analizar datos de m\u00faltiples c\u00e1maras IP de manera centralizada.<\/p>\n\n\n\n<figure class=\"wp-block-image\"><img decoding=\"async\" src=\"https:\/\/sg.o3.huawei.com\/enbpitservicegateway\/sxzservicecommunity\/web\/attachment\/down-attachment?attachmentId=202411011608171816_180251u590juwfw9bm32ok.jpg\" alt=\"2\"\/><\/figure>\n\n\n\n<p><strong>c)&nbsp;&nbsp;&nbsp;&nbsp;&nbsp;&nbsp;&nbsp;<\/strong><strong>XVR (Grabadores de v\u00eddeo D+N)<\/strong><\/p>\n\n\n\n<p>Por \u00faltimo, pero no menos importante, XVR es una combinaci\u00f3n de DVR y NVR que permite un cambio flexible entre DVR o NVR seg\u00fan las necesidades del usuario.<\/p>\n\n\n\n<p><strong>Comparaci\u00f3n entre DVR, NVR, XVR<\/strong><\/p>\n\n\n\n<figure class=\"wp-block-image\"><img decoding=\"async\" src=\"https:\/\/sg.o3.huawei.com\/enbpitservicegateway\/sxzservicecommunity\/web\/attachment\/down-attachment?attachmentId=202411011608171012_180327c4gk1ws1b1wcl55y.jpg\" alt=\"3\"\/><\/figure>\n\n\n\n<p>Como XVR es una versi\u00f3n flexible de DVR y NVR, la comparaci\u00f3n se puede hacer simplemente entre DVR y NVR. Existen varias diferencias entre DVR y NVR.&nbsp;<\/p>\n\n\n\n<ul class=\"wp-block-list\">\n<li>En primer lugar, el DVR almacena y procesa datos digitalmente y generalmente se ubica cerca de las c\u00e1maras anal\u00f3gicas instaladas, mientras que el NVR no tiene entrada de se\u00f1al de video directa, sino que los datos IP con protocolos de red son la entrada y salida del NVR.&nbsp;<\/li>\n\n\n\n<li>En segundo lugar, el DVR puede funcionar independientemente de las c\u00e1maras, pero no ocurre lo mismo con el NVR, que utiliza c\u00e1maras IP o DVR para almacenar y administrar las unidades de video.&nbsp;<\/li>\n\n\n\n<li>En tercer lugar, como se mencion\u00f3 anteriormente, el DVR est\u00e1 localizado con c\u00e1maras anal\u00f3gicas instaladas, mientras que el NVR no es geoespec\u00edfico de ninguna ubicaci\u00f3n y se puede ubicar en cualquier lugar con conectividad de red sin interrupciones.&nbsp;<\/li>\n\n\n\n<li>En cuarto lugar, en lo que respecta a la resoluci\u00f3n, el DVR ofrece una resoluci\u00f3n D1 que est\u00e1 a la altura de la del NVR. Como el NVR funciona con c\u00e1maras HD de alta calidad, la resoluci\u00f3n del NVR es HD real.&nbsp;<\/li>\n\n\n\n<li>En quinto lugar, aunque el DVR puede funcionar de forma independiente, no admite la integraci\u00f3n con otros dispositivos de alta gama ni la compatibilidad con otros proveedores.&nbsp;<\/li>\n<\/ul>\n\n\n\n<p>Por el contrario, como el NVR debe conectarse con varios sistemas y funciona con protocolo IP, permite la conectividad con varios dispositivos para implementar funciones de codificaci\u00f3n, gesti\u00f3n, transmisi\u00f3n y procesamiento de datos. Por \u00faltimo, pero no por ello menos importante, las interfaces en el NVR son limitadas en comparaci\u00f3n con el DVR. El DVR tiene varias entradas de audio, video y alarmas, ya que se implementa en los sitios de acceso. Por otro lado, como el NVR es un equipo de recursos de segundo nivel, no tiene muchas interfaces que tambi\u00e9n ayuden a la reducci\u00f3n de costos.<\/p>\n\n\n\n<figure class=\"wp-block-image\"><img decoding=\"async\" src=\"https:\/\/sg.o3.huawei.com\/enbpitservicegateway\/sxzservicecommunity\/web\/attachment\/down-attachment?attachmentId=202411011608171585_180501ebcowwmjouc6ndnb.jpg\" alt=\"4\"\/><\/figure>\n\n\n\n<p><\/p>\n\n\n\n<p><\/p>\n","protected":false},"excerpt":{"rendered":"<p>Equipos de Monitorio y Seguridad Tengamos una breve idea sobre IVS y las diferencias entre DVR, NVR y XVR. \u00bfQu\u00e9 es IVS? Intelligent Video System (IVS) es una soluci\u00f3n de gesti\u00f3n de recursos de v\u00eddeo que optimiza la conectividad de varios recursos de v\u00eddeo y proporciona una s\u00f3lida plataforma de&#8230;<\/p>\n","protected":false},"author":1,"featured_media":0,"parent":0,"menu_order":0,"comment_status":"closed","ping_status":"closed","template":"","meta":{"footnotes":""},"class_list":["post-282","page","type-page","status-publish","hentry"],"_links":{"self":[{"href":"https:\/\/www.pctecnic.com\/web\/wp-json\/wp\/v2\/pages\/282","targetHints":{"allow":["GET"]}}],"collection":[{"href":"https:\/\/www.pctecnic.com\/web\/wp-json\/wp\/v2\/pages"}],"about":[{"href":"https:\/\/www.pctecnic.com\/web\/wp-json\/wp\/v2\/types\/page"}],"author":[{"embeddable":true,"href":"https:\/\/www.pctecnic.com\/web\/wp-json\/wp\/v2\/users\/1"}],"replies":[{"embeddable":true,"href":"https:\/\/www.pctecnic.com\/web\/wp-json\/wp\/v2\/comments?post=282"}],"version-history":[{"count":2,"href":"https:\/\/www.pctecnic.com\/web\/wp-json\/wp\/v2\/pages\/282\/revisions"}],"predecessor-version":[{"id":284,"href":"https:\/\/www.pctecnic.com\/web\/wp-json\/wp\/v2\/pages\/282\/revisions\/284"}],"wp:attachment":[{"href":"https:\/\/www.pctecnic.com\/web\/wp-json\/wp\/v2\/media?parent=282"}],"curies":[{"name":"wp","href":"https:\/\/api.w.org\/{rel}","templated":true}]}}